{"id":1505,"date":"2016-07-30T10:47:04","date_gmt":"2016-07-30T10:47:04","guid":{"rendered":"http:\/\/52.11.8.245\/~eduperformance\/en\/othophonie\/"},"modified":"2019-04-03T17:49:19","modified_gmt":"2019-04-03T21:49:19","slug":"orthophonie","status":"publish","type":"page","link":"https:\/\/eduperformance.com\/en\/orthophonie\/","title":{"rendered":"ORTHOPHONIE"},"content":{"rendered":"[mk_page_section padding_top=&#8221;0&#8243; padding_bottom=&#8221;0&#8243; el_class=&#8221;fullpad&#8221; sidebar=&#8221;sidebar-1&#8243;][vc_column][rev_slider_vc alias=&#8221;orthophonie&#8221;][\/vc_column][\/mk_page_section][mk_page_section bg_color=&#8221;#ffffff&#8221; bg_repeat=&#8221;no-repeat&#8221; min_height=&#8221;0&#8243; padding_top=&#8221;0&#8243; padding_bottom=&#8221;0&#8243; sidebar=&#8221;sidebar-1&#8243;][vc_column][mk_padding_divider size=&#8221;50&#8243;][\/vc_column][\/mk_page_section][mk_page_section bg_color=&#8221;#f6f6f6&#8243; padding_top=&#8221;35&#8243; padding_bottom=&#8221;25&#8243; section_id=&#8221;Cours&#8221; sidebar=&#8221;sidebar-1&#8243;][vc_column border_color=&#8221;#f6f6f6&#8243; width=&#8221;1\/2&#8243;][mk_padding_divider size=&#8221;20&#8243; visibility=&#8221;hidden-sm&#8221;][mk_image src=&#8221;https:\/\/eduperformance.com\/wp-content\/uploads\/2016\/07\/metafo.png&#8221; image_size=&#8221;full&#8221; align=&#8221;center&#8221;][vc_column_text el_class=&#8221;pratxt&#8221;]<em>M\u00e9tafo<\/em> est un logiciel \u00e9ducatif en fran\u00e7ais de la nouvelle collection d&#8217;Edu-Performance.[\/vc_column_text][\/vc_column][vc_column width=&#8221;1\/2&#8243;][mk_fancy_title color=&#8221;#323232&#8243; size=&#8221;26&#8243; force_font_size=&#8221;true&#8221; size_tablet=&#8221;16&#8243; size_phone=&#8221;16&#8243; font_weight=&#8221;bold&#8221; txt_transform=&#8221;uppercase&#8221; margin_top=&#8221;20&#8243; margin_bottom=&#8221;0&#8243; font_family=&#8221;none&#8221; align=&#8221;center&#8221;]FORMATION ORTHOPHONIE[\/mk_fancy_title][mk_fancy_title color=&#8221;#0089ba&#8221; size=&#8221;24&#8243; force_font_size=&#8221;true&#8221; size_tablet=&#8221;16&#8243; size_phone=&#8221;16&#8243; font_weight=&#8221;bold&#8221; txt_transform=&#8221;uppercase&#8221; margin_bottom=&#8221;0&#8243; font_family=&#8221;none&#8221; align=&#8221;center&#8221;]POUR LE D\u00c9VELOPPEMENT<br \/>\nDE LA CONSCIENCE PHONOLOGIQUE[\/mk_fancy_title][vc_column_text el_class=&#8221;pratxt&#8221;]\n<p style=\"text-align: justify;\">Afin d\u2019aider les enfants et adulte qui \u00e9prouvent des difficult\u00e9s dans l\u2019apprentissage du langage, nous avons dans notre catalogue un ensemble de logiciels destin\u00e9s aux parents, enseignants et orthophonistes.<\/p>\n<p style=\"text-align: justify;\">Parmi ces produits, M\u00e9tafo est un logiciel \u00e9ducatif qui s\u2019adresse sp\u00e9cifiquement aux enfants qui apprennent \u00e0 \u00e9crire et qui sont dyslexiques.<\/p>\n<p style=\"text-align: justify;\">M\u00e9tafo s\u2019adresse \u00e0 tous les enfants qui \u00e9prouvent des difficult\u00e9s dans l\u2019apprentissage du langage, qui apprennent \u00e0 lire et \u00e0 \u00e9crire, et aux enfants dyslexiques.<\/p>\n[\/vc_column_text][\/vc_column][\/mk_page_section][mk_page_section bg_color=&#8221;#ffffff&#8221; bg_repeat=&#8221;no-repeat&#8221; min_height=&#8221;0&#8243; padding_top=&#8221;50&#8243; sidebar=&#8221;sidebar-1&#8243;][vc_column][vc_column_text el_class=&#8221;pratxt&#8221;]On y retrouve quatre personnages sympathiques que l\u2019enfant aidera \u00e0 relever des d\u00e9fis qui se pr\u00e9sentent sur quatre plan\u00e8tes de la galaxie. Offerts en deux niveaux de difficult\u00e9, chaque plan\u00e8te contient des jeux qui <strong>visent le d\u00e9veloppement d\u2019habilet\u00e9s langagi\u00e8res essentielles \u00e0 l\u2019apprentissage de la lecture et de l\u2019\u00e9criture <\/strong>(ex. sensibilisation phonologique, manipulation phonologique, conversion graphophon\u00e9mique et phonograph\u00e9mique).<\/p>\n<p>Ce logiciel \u00e9ducatif est con\u00e7u pour r\u00e9pondre aux besoins des enseignant(e)s, des orthophonistes et des parents ou de tout autre intervenant oeuvrant aupr\u00e8s des enfants.<\/p>\n<p>A tous, nous souhaitons des escapades amusantes avec Bulo, Gloxe, Crouci et Flam sur les plan\u00e8tes de la galaxie M\u00e9tafo ![\/vc_column_text][\/vc_column][\/mk_page_section][mk_page_section bg_color=&#8221;#ffffff&#8221; bg_repeat=&#8221;no-repeat&#8221; min_height=&#8221;0&#8243; padding_bottom=&#8221;40&#8243; sidebar=&#8221;sidebar-1&#8243;][vc_column width=&#8221;1\/6&#8243;][\/vc_column][vc_column width=&#8221;2\/3&#8243;][vc_row_inner][vc_column_inner][mk_button corner_style=&#8221;rounded&#8221; size=&#8221;large&#8221; url=&#8221;http:\/\/metafo.eduperformance.com&#8221; target=&#8221;_blank&#8221; align=&#8221;center&#8221; button_custom_width=&#8221;250&#8243; margin_top=&#8221;30&#8243; margin_bottom=&#8221;30&#8243; bg_color=&#8221;#0087b9&#8243;]Acc\u00e8s au site M\u00e9tafo[\/mk_button][\/vc_column_inner][\/vc_row_inner][\/vc_column][vc_column width=&#8221;1\/6&#8243;][\/vc_column][\/mk_page_section][mk_page_section bg_color=&#8221;#c75b5b&#8221; padding_top=&#8221;55&#8243; padding_bottom=&#8221;50&#8243; top_shape_color=&#8221;#ffffff&#8221; bottom_shape_color=&#8221;#ffffff&#8221; sidebar=&#8221;sidebar-1&#8243;][vc_column][mk_fancy_title color=&#8221;#ffffff&#8221; size=&#8221;24&#8243; force_font_size=&#8221;true&#8221; size_phone=&#8221;15&#8243; font_weight=&#8221;bold&#8221; txt_transform=&#8221;uppercase&#8221; margin_top=&#8221;25&#8243; margin_bottom=&#8221;0&#8243; font_family=&#8221;none&#8221; align=&#8221;center&#8221; el_class=&#8221;whitecolor mailcss&#8221;]CONTACT US SO WE CAN HELP YOU IN YOUR EDU-PERFORMANCE CANADA PROCESS[\/mk_fancy_title][vc_row_inner el_class=&#8221;laptopsml&#8221;][vc_column_inner width=&#8221;1\/4&#8243;][\/vc_column_inner][vc_column_inner width=&#8221;1\/4&#8243;][mk_fancy_title tag_name=&#8221;h3&#8243; color=&#8221;#ffffff&#8221; size=&#8221;18&#8243; force_font_size=&#8221;true&#8221; size_tablet=&#8221;15&#8243; size_phone=&#8221;15&#8243; margin_top=&#8221;20&#8243; font_family=&#8221;none&#8221; el_class=&#8221;allleft whitecolor lnktxtclr&#8221;]\n<p class=\"mrgnleft\"><strong>CANADA<\/strong><\/p>\n<p>&nbsp;<\/p>\n<p>7900 Taschereau Blvd, Suite A-207<br \/>\nBrossard, Quebec, Canada, J4X 1C2<br \/>\nPh.: (450) 466-7275<br \/>\nFax: (450) 466-4915<br \/>\nToll-Free: 1-888-EDU-PERF (338-7373)<br \/>\nE-mail :<a href=\"mailto:info@eduperformance.com\"> info@eduperformance.com<\/a>[\/mk_fancy_title][\/vc_column_inner][vc_column_inner width=&#8221;1\/4&#8243;][mk_fancy_title tag_name=&#8221;h3&#8243; color=&#8221;#ffffff&#8221; size=&#8221;18&#8243; force_font_size=&#8221;true&#8221; size_tablet=&#8221;15&#8243; size_phone=&#8221;15&#8243; margin_top=&#8221;20&#8243; font_family=&#8221;none&#8221; el_class=&#8221;allleft whitecolor lnktxtclr&#8221;]\n<p class=\"mrgnleft\"><strong>FRANCE<\/strong><\/p>\n<p>&nbsp;<\/p>\n<p>Free number 0 800 90 07 63<\/p>\n<p>&nbsp;<\/p>\n<p>If you are outside of these zones, please send your request to <a href=\"mailto:info@eduperformance.com\">info@eduperformance.com<\/a> to find out about the distributor closest to you.[\/mk_fancy_title][\/vc_column_inner][vc_column_inner width=&#8221;1\/4&#8243;][\/vc_column_inner][\/vc_row_inner][\/vc_column][\/mk_page_section]\n","protected":false},"excerpt":{"rendered":"<p>[mk_page_section padding_top=&#8221;0&#8243; padding_bottom=&#8221;0&#8243; el_class=&#8221;fullpad&#8221; sidebar=&#8221;sidebar-1&#8243;][vc_column][rev_slider_vc alias=&#8221;orthophonie&#8221;][\/vc_column][\/mk_page_section][mk_page_section bg_color=&#8221;#ffffff&#8221; bg_repeat=&#8221;no-repeat&#8221; min_height=&#8221;0&#8243; padding_top=&#8221;0&#8243; padding_bottom=&#8221;0&#8243; sidebar=&#8221;sidebar-1&#8243;][vc_column][mk_padding_divider size=&#8221;50&#8243;][\/vc_column][\/mk_page_section][mk_page_section bg_color=&#8221;#f6f6f6&#8243; padding_top=&#8221;35&#8243; padding_bottom=&#8221;25&#8243; section_id=&#8221;Cours&#8221; sidebar=&#8221;sidebar-1&#8243;][vc_column border_color=&#8221;#f6f6f6&#8243; width=&#8221;1\/2&#8243;][mk_padding_divider size=&#8221;20&#8243; visibility=&#8221;hidden-sm&#8221;][mk_image src=&#8221;https:\/\/eduperformance.com\/wp-content\/uploads\/2016\/07\/metafo.png&#8221; image_size=&#8221;full&#8221; align=&#8221;center&#8221;][vc_column_text el_class=&#8221;pratxt&#8221;]M\u00e9tafo est un logiciel \u00e9ducatif en fran\u00e7ais de la nouvelle collection d&#8217;Edu-Performance.[\/vc_column_text][\/vc_column][vc_column width=&#8221;1\/2&#8243;][mk_fancy_title color=&#8221;#323232&#8243; size=&#8221;26&#8243; force_font_size=&#8221;true&#8221; size_tablet=&#8221;16&#8243; size_phone=&#8221;16&#8243; font_weight=&#8221;bold&#8221; txt_transform=&#8221;uppercase&#8221; margin_top=&#8221;20&#8243; margin_bottom=&#8221;0&#8243; font_family=&#8221;none&#8221; align=&#8221;center&#8221;]FORMATION ORTHOPHONIE[\/mk_fancy_title][mk_fancy_title color=&#8221;#0089ba&#8221; size=&#8221;24&#8243; force_font_size=&#8221;true&#8221; size_tablet=&#8221;16&#8243; size_phone=&#8221;16&#8243; [&hellip;]<\/p>\n","protected":false},"author":2,"featured_media":0,"parent":0,"menu_order":0,"comment_status":"closed","ping_status":"closed","template":"","meta":{"_acf_changed":false,"footnotes":""},"class_list":["post-1505","page","type-page","status-publish","hentry"],"acf":[],"_links":{"self":[{"href":"https:\/\/eduperformance.com\/en\/wp-json\/wp\/v2\/pages\/1505","targetHints":{"allow":["GET"]}}],"collection":[{"href":"https:\/\/eduperformance.com\/en\/wp-json\/wp\/v2\/pages"}],"about":[{"href":"https:\/\/eduperformance.com\/en\/wp-json\/wp\/v2\/types\/page"}],"author":[{"embeddable":true,"href":"https:\/\/eduperformance.com\/en\/wp-json\/wp\/v2\/users\/2"}],"replies":[{"embeddable":true,"href":"https:\/\/eduperformance.com\/en\/wp-json\/wp\/v2\/comments?post=1505"}],"version-history":[{"count":12,"href":"https:\/\/eduperformance.com\/en\/wp-json\/wp\/v2\/pages\/1505\/revisions"}],"predecessor-version":[{"id":3688,"href":"https:\/\/eduperformance.com\/en\/wp-json\/wp\/v2\/pages\/1505\/revisions\/3688"}],"wp:attachment":[{"href":"https:\/\/eduperformance.com\/en\/wp-json\/wp\/v2\/media?parent=1505"}],"curies":[{"name":"wp","href":"https:\/\/api.w.org\/{rel}","templated":true}]}}