{"id":1503,"date":"2016-07-31T07:58:15","date_gmt":"2016-07-31T07:58:15","guid":{"rendered":"http:\/\/52.11.8.245\/~eduperformance\/en\/sante\/"},"modified":"2019-04-03T17:54:29","modified_gmt":"2019-04-03T21:54:29","slug":"sante","status":"publish","type":"page","link":"https:\/\/eduperformance.com\/en\/sante\/","title":{"rendered":"SANTE\u0301"},"content":{"rendered":"[mk_page_section padding_top=&#8221;0&#8243; padding_bottom=&#8221;0&#8243; el_class=&#8221;fullpad&#8221; sidebar=&#8221;sidebar-1&#8243;][vc_column][rev_slider_vc alias=&#8221;sante&#8221;][\/vc_column][\/mk_page_section][mk_page_section bg_color=&#8221;#576170&#8243; bg_repeat=&#8221;no-repeat&#8221; min_height=&#8221;0&#8243; padding_top=&#8221;0&#8243; padding_bottom=&#8221;0&#8243; sidebar=&#8221;sidebar-1&#8243;][vc_column][vc_row_inner][vc_column_inner][vc_raw_html]JTIwJTNDZGl2JTIwY2xhc3MlM0QlMjJidXJfbWVudSUyMiUzRSUwQSUyMCUyMCUyMCUyMCUyMCUyMCUyMCUyMCUyMCUyMCUyMCUyMCUzQ3VsJTNFJTBBJTIwJTIwJTIwJTIwJTIwJTIwJTIwJTIwJTIwJTIwJTIwJTIwJTIwJTIwJTIwJTIwJTNDbGklM0UlM0NhJTIwaHJlZiUzRCUyMiUyM2NsaW5pcXVlcyUyMiUzRU1vZHVsZXMlMjBDbGluaXF1ZXMlM0MlMkZhJTNFJTNDJTJGbGklM0UlMEElMjAlMjAlMjAlMjAlMjAlMjAlMjAlMjAlMjAlMjAlMjAlMjAlMjAlMjAlMjAlMjAlM0NsaSUzRSUzQ2ElMjBocmVmJTNEJTIyJTIzZ2VzdGlvbnMlMjIlM0VNb2R1bGVzJTIwR2VzdGlvbnMlM0MlMkZhJTNFJTNDJTJGbGklM0UlMEElMjAlMjAlMjAlMjAlMjAlMjAlMjAlMjAlMjAlMjAlMjAlMjAlM0MlMkZ1bCUzRSUwQSUyMCUyMCUyMCUyMCUyMCUyMCUyMCUyMCUzQyUyRmRpdiUzRQ==[\/vc_raw_html][\/vc_column_inner][\/vc_row_inner][\/vc_column][\/mk_page_section][mk_page_section bg_color=&#8221;#ffffff&#8221; bg_repeat=&#8221;no-repeat&#8221; min_height=&#8221;0&#8243; padding_top=&#8221;0&#8243; padding_bottom=&#8221;0&#8243; sidebar=&#8221;sidebar-1&#8243;][vc_column][mk_padding_divider size=&#8221;50&#8243;][\/vc_column][\/mk_page_section][mk_page_section bg_color=&#8221;#f6f6f6&#8243; border_color=&#8221;#ffffff&#8221; padding_top=&#8221;40&#8243; padding_bottom=&#8221;40&#8243; section_id=&#8221;Cours&#8221; sidebar=&#8221;sidebar-1&#8243;][vc_column border_color=&#8221;#f6f6f6&#8243; width=&#8221;1\/3&#8243;][mk_padding_divider size=&#8221;20&#8243; visibility=&#8221;hidden-sm&#8221;][mk_image src=&#8221;https:\/\/eduperformance.com\/wp-content\/uploads\/2016\/07\/doclap.png&#8221; image_size=&#8221;full&#8221; align=&#8221;center&#8221;][\/vc_column][vc_column width=&#8221;2\/3&#8243;][mk_fancy_title color=&#8221;#323232&#8243; size=&#8221;24&#8243; force_font_size=&#8221;true&#8221; size_tablet=&#8221;16&#8243; size_phone=&#8221;16&#8243; font_weight=&#8221;bold&#8221; txt_transform=&#8221;uppercase&#8221; margin_top=&#8221;20&#8243; font_family=&#8221;none&#8221; align=&#8221;center&#8221;]FORMATION SANT\u00c9-CLINIQUE ET GESTION[\/mk_fancy_title][vc_column_text el_class=&#8221;pratxt&#8221;]\n<p style=\"text-align: justify;\">En collaboration avec l\u2019un des plus grands \u00e9tablissements de sant\u00e9 du Qu\u00e9bec, nous avons d\u00e9velopp\u00e9 une vingtaine de modules cliniques et de gestion pouvant \u00eatre utilis\u00e9s tant dans les \u00e9tablissements de sant\u00e9 priv\u00e9s que dans les entreprises (hygi\u00e8ne, pr\u00e9vention des risques, etc..). Consultez-nous pour v\u00e9rifier si vous pouvez y avoir droit.<\/p>\n[\/vc_column_text][\/vc_column][\/mk_page_section][mk_page_section bg_color=&#8221;#ffffff&#8221; border_color=&#8221;#ffffff&#8221; padding_top=&#8221;50&#8243; padding_bottom=&#8221;50&#8243; section_id=&#8221;cliniques&#8221; sidebar=&#8221;sidebar-1&#8243;][vc_column border_color=&#8221;#ffffff&#8221;][vc_raw_html]JTNDZGl2JTIwY2xhc3MlM0QlMjJ5ZWxsb3clMjIlM0VNT0RVTEVTJTIwQ0xJTklRVUVTJTNDJTJGZGl2JTNF[\/vc_raw_html][mk_table]\n<table class=\"tablcls\">\n<tbody>\n<tr>\n<td>\n<p class=\"colrbld\">Mesures de contr\u00f4le (formation contenant 6 modules distincts) :<\/p>\n<\/td>\n<td><strong>2,40 h<\/strong><\/td>\n<\/tr>\n<tr>\n<td><strong>Module :<\/strong> Quand et comment \/ Un guide pour les intervenants<\/td>\n<td><strong>1,15 h<\/strong><\/td>\n<\/tr>\n<tr>\n<td><strong>Module :<\/strong>Mise en situation D\u00e9ficience intellectuelle TED<\/td>\n<td><strong>10 min<\/strong><\/td>\n<\/tr>\n<tr>\n<td><strong>Module :<\/strong>Mise en situation R\u00e9adaptation \u2013 D\u00e9ficience physique<\/td>\n<td><strong>10 min<\/strong><\/td>\n<\/tr>\n<tr>\n<td><strong>Module :<\/strong>Mise en situation Sant\u00e9 mentale<\/td>\n<td><strong>10 min<\/strong><\/td>\n<\/tr>\n<tr>\n<td><strong>Module :<\/strong>Mise en situation Sant\u00e9 physique<\/td>\n<td><strong>10 min<\/strong><\/td>\n<\/tr>\n<tr>\n<td><strong>Module :<\/strong>Vid\u00e9o Fatale contention \/ Erreurs m\u00e9dicales.<\/td>\n<td><strong>45 min<\/strong><\/td>\n<\/tr>\n<tr>\n<td>\n<p class=\"colrbld\">Notions de psychoth\u00e9rapie<\/p>\n<\/td>\n<td><strong>2,15 h<\/strong><\/td>\n<\/tr>\n<tr>\n<td>\n<p class=\"blkbld colrbld\">Politiques alimentaires<br \/>\n(programme de formation contenant 2 formations) :<\/td>\n<td><strong>45 min<\/strong><\/td>\n<\/tr>\n<tr>\n<td><strong>Module :<\/strong>Gestion des risques li\u00e9s \u00e0 la contaminatioN des aliments par des allerg\u00e8nes<\/td>\n<td><strong>30 min<\/strong><\/td>\n<\/tr>\n<tr>\n<td><strong>Module :<\/strong>La substitution d&#8217;aliments allerg\u00e8nes.<\/td>\n<td><strong>15 min<\/strong><\/td>\n<\/tr>\n<tr>\n<td>\n<p class=\"colrbld\">La pr\u00e9vention et le contr\u00f4le des infections<\/p>\n<\/td>\n<td><strong>1 H<\/strong><\/td>\n<\/tr>\n<tr>\n<td>\n<p class=\"colrbld\">L\u2019Hygi\u00e8ne des mains et l\u2019\u00e9tiquette respiratoire<\/p>\n<\/td>\n<td><strong>15 min<\/strong><\/td>\n<\/tr>\n<tr>\n<td>\n<p class=\"colrbld\">Principes g\u00e9n\u00e9raux de radioprotection (version anglaise et fran\u00e7aise)<\/p>\n<\/td>\n<td><strong>1.30 H<\/strong><\/td>\n<\/tr>\n<tr>\n<td>\n<p class=\"colrbld\">Qualit\u00e9 des soins bucco-dentaires aux personnes en perte d&#8217;autonomie, soins palliatifs et fin de vie (Deux versions disponibles en fonction des client\u00e8les vis\u00e9es<\/p>\n<\/td>\n<td><strong>45 min<\/strong><\/td>\n<\/tr>\n<tr>\n<td>\n<p class=\"colrbld\">La supervision clinique en soins infirmiers<\/p>\n<\/td>\n<td><strong>2 H<\/strong><\/td>\n<\/tr>\n<tr>\n<td>\n<p class=\"colrbld\">Allaitement maternel<\/p>\n<\/td>\n<td><strong>1 H<\/strong><\/td>\n<\/tr>\n<tr>\n<td>\n<p class=\"colrbld\">Usage optimal des m\u00e9dicaments et bilan comparatif<\/p>\n<\/td>\n<td><strong>30 min<\/strong><\/td>\n<\/tr>\n<tr>\n<td>\n<p class=\"colrbld\">Les d\u00e9mences<\/p>\n<\/td>\n<td><strong>35 min<\/strong><\/td>\n<\/tr>\n<tr>\n<td>\n<p class=\"colrbld\">Pr\u00e9vention, soins et traitement des plaies<\/p>\n<\/td>\n<td><strong>entre<br \/>\n45 min et 3h<\/strong><\/td>\n<\/tr>\n<\/tbody>\n<\/table>\n[\/mk_table][\/vc_column][\/mk_page_section][mk_page_section bg_color=&#8221;#ffffff&#8221; border_color=&#8221;#ffffff&#8221; padding_top=&#8221;50&#8243; padding_bottom=&#8221;50&#8243; section_id=&#8221;gestions&#8221; sidebar=&#8221;sidebar-1&#8243;][vc_column border_color=&#8221;#ffffff&#8221;][vc_raw_html]JTNDZGl2JTIwY2xhc3MlM0QlMjJ5ZWxsb3clMjIlM0VNT0RVTEVTJTIwR0VTVElPTlMlM0MlMkZkaXYlM0U=[\/vc_raw_html][mk_table]\n<table class=\"tablcls\">\n<tbody>\n<tr>\n<td>\n<p class=\"blkbld colrbld\">Gestion des risques (programme de formation contenant 2 formations):<\/p>\n<\/td>\n<td><strong>1,45 H<\/strong><\/td>\n<\/tr>\n<tr>\n<td><strong>Module :<\/strong> La gestion des risques; (1 heure)<\/td>\n<td><\/td>\n<\/tr>\n<tr>\n<td><strong>Module :<\/strong>L\u2019utilisation du logiciel GESRISK. (45 minutes)<\/td>\n<td><\/td>\n<\/tr>\n<tr>\n<td>\n<p class=\"blkbld colrbld\">L\u2019entrep\u00f4t GRI (programme de formation contenant 2 formations) :<\/p>\n<\/td>\n<td><strong>2,30 H<\/strong><\/td>\n<\/tr>\n<tr>\n<td><strong>Module :<\/strong>Notions financi\u00e8res de base de l\u2019entrep\u00f4t GRI (1 heure)<\/td>\n<td><\/td>\n<\/tr>\n<tr>\n<td><strong>Module :<\/strong>Rapports financiers de l\u2019entrep\u00f4t. (1,30)<\/td>\n<td><\/td>\n<\/tr>\n<tr>\n<td>\n<p class=\"colrbld\">Responsabilit\u00e9s de paiement<\/p>\n<\/td>\n<td><strong>40 MIN<\/strong><\/td>\n<\/tr>\n<\/tbody>\n<\/table>\n[\/mk_table][mk_fancy_title color=&#8221;#ffffff&#8221; size=&#8221;24&#8243; force_font_size=&#8221;true&#8221; size_tablet=&#8221;16&#8243; size_phone=&#8221;16&#8243; font_weight=&#8221;bold&#8221; txt_transform=&#8221;uppercase&#8221; margin_top=&#8221;30&#8243; margin_bottom=&#8221;10&#8243; font_family=&#8221;none&#8221; align=&#8221;center&#8221; el_class=&#8221;listebtn&#8221;]liste des cours[\/mk_fancy_title][\/vc_column][\/mk_page_section][mk_page_section bg_color=&#8221;#c75b5b&#8221; padding_top=&#8221;55&#8243; padding_bottom=&#8221;50&#8243; top_shape_color=&#8221;#ffffff&#8221; bottom_shape_color=&#8221;#ffffff&#8221; sidebar=&#8221;sidebar-1&#8243;][vc_column][mk_fancy_title color=&#8221;#ffffff&#8221; size=&#8221;24&#8243; force_font_size=&#8221;true&#8221; size_phone=&#8221;15&#8243; font_weight=&#8221;bold&#8221; txt_transform=&#8221;uppercase&#8221; margin_top=&#8221;25&#8243; margin_bottom=&#8221;0&#8243; font_family=&#8221;none&#8221; align=&#8221;center&#8221; el_class=&#8221;whitecolor mailcss&#8221;]CONTACT US SO WE CAN HELP YOU IN YOUR EDU-PERFORMANCE CANADA PROCESS[\/mk_fancy_title][vc_row_inner el_class=&#8221;laptopsml&#8221;][vc_column_inner width=&#8221;1\/4&#8243;][\/vc_column_inner][vc_column_inner width=&#8221;1\/4&#8243;][mk_fancy_title tag_name=&#8221;h3&#8243; color=&#8221;#ffffff&#8221; size=&#8221;18&#8243; force_font_size=&#8221;true&#8221; size_tablet=&#8221;15&#8243; size_phone=&#8221;15&#8243; margin_top=&#8221;25&#8243; font_family=&#8221;none&#8221; el_class=&#8221;allleft whitecolor lnktxtclr&#8221;]\n<p class=\"mrgnleft\"><strong>CANADA<\/strong><\/p>\n<p>&nbsp;<\/p>\n<p>7900 Taschereau Blvd, Suite A-207<br \/>\nBrossard, Quebec, Canada, J4X 1C2<br \/>\nPh.: (450) 466-7275<br \/>\nFax: (450) 466-4915<br \/>\nToll-Free: 1-888-EDU-PERF (338-7373)<br \/>\nE-mail :<a href=\"mailto:info@eduperformance.com\"> info@eduperformance.com<\/a>[\/mk_fancy_title][\/vc_column_inner][vc_column_inner width=&#8221;1\/4&#8243;][mk_fancy_title tag_name=&#8221;h3&#8243; color=&#8221;#ffffff&#8221; size=&#8221;18&#8243; force_font_size=&#8221;true&#8221; size_tablet=&#8221;15&#8243; size_phone=&#8221;15&#8243; margin_top=&#8221;25&#8243; font_family=&#8221;none&#8221; el_class=&#8221;allleft whitecolor lnktxtclr&#8221;]\n<p class=\"mrgnleft\"><strong>FRANCE<\/strong><\/p>\n<p>&nbsp;<\/p>\n<p>Free number 0 800 90 07 63<\/p>\n<p>&nbsp;<\/p>\n<p>If you are outside of these zones, please send your request to <a href=\"mailto:info@eduperformance.com\">info@eduperformance.com<\/a> to find out about the distributor closest to you.[\/mk_fancy_title][\/vc_column_inner][vc_column_inner width=&#8221;1\/4&#8243;][\/vc_column_inner][\/vc_row_inner][\/vc_column][\/mk_page_section]\n","protected":false},"excerpt":{"rendered":"<p>[mk_page_section padding_top=&#8221;0&#8243; padding_bottom=&#8221;0&#8243; el_class=&#8221;fullpad&#8221; sidebar=&#8221;sidebar-1&#8243;][vc_column][rev_slider_vc alias=&#8221;sante&#8221;][\/vc_column][\/mk_page_section][mk_page_section bg_color=&#8221;#576170&#8243; bg_repeat=&#8221;no-repeat&#8221; min_height=&#8221;0&#8243; padding_top=&#8221;0&#8243; padding_bottom=&#8221;0&#8243; sidebar=&#8221;sidebar-1&#8243;][vc_column][vc_row_inner][vc_column_inner][vc_raw_html]JTIwJTNDZGl2JTIwY2xhc3MlM0QlMjJidXJfbWVudSUyMiUzRSUwQSUyMCUyMCUyMCUyMCUyMCUyMCUyMCUyMCUyMCUyMCUyMCUyMCUzQ3VsJTNFJTBBJTIwJTIwJTIwJTIwJTIwJTIwJTIwJTIwJTIwJTIwJTIwJTIwJTIwJTIwJTIwJTIwJTNDbGklM0UlM0NhJTIwaHJlZiUzRCUyMiUyM2NsaW5pcXVlcyUyMiUzRU1vZHVsZXMlMjBDbGluaXF1ZXMlM0MlMkZhJTNFJTNDJTJGbGklM0UlMEElMjAlMjAlMjAlMjAlMjAlMjAlMjAlMjAlMjAlMjAlMjAlMjAlMjAlMjAlMjAlMjAlM0NsaSUzRSUzQ2ElMjBocmVmJTNEJTIyJTIzZ2VzdGlvbnMlMjIlM0VNb2R1bGVzJTIwR2VzdGlvbnMlM0MlMkZhJTNFJTNDJTJGbGklM0UlMEElMjAlMjAlMjAlMjAlMjAlMjAlMjAlMjAlMjAlMjAlMjAlMjAlM0MlMkZ1bCUzRSUwQSUyMCUyMCUyMCUyMCUyMCUyMCUyMCUyMCUzQyUyRmRpdiUzRQ==[\/vc_raw_html][\/vc_column_inner][\/vc_row_inner][\/vc_column][\/mk_page_section][mk_page_section bg_color=&#8221;#ffffff&#8221; bg_repeat=&#8221;no-repeat&#8221; min_height=&#8221;0&#8243; padding_top=&#8221;0&#8243; padding_bottom=&#8221;0&#8243; sidebar=&#8221;sidebar-1&#8243;][vc_column][mk_padding_divider size=&#8221;50&#8243;][\/vc_column][\/mk_page_section][mk_page_section bg_color=&#8221;#f6f6f6&#8243; border_color=&#8221;#ffffff&#8221; padding_top=&#8221;40&#8243; padding_bottom=&#8221;40&#8243; section_id=&#8221;Cours&#8221; sidebar=&#8221;sidebar-1&#8243;][vc_column border_color=&#8221;#f6f6f6&#8243; width=&#8221;1\/3&#8243;][mk_padding_divider size=&#8221;20&#8243; visibility=&#8221;hidden-sm&#8221;][mk_image src=&#8221;https:\/\/eduperformance.com\/wp-content\/uploads\/2016\/07\/doclap.png&#8221; image_size=&#8221;full&#8221; align=&#8221;center&#8221;][\/vc_column][vc_column width=&#8221;2\/3&#8243;][mk_fancy_title color=&#8221;#323232&#8243; size=&#8221;24&#8243; force_font_size=&#8221;true&#8221; size_tablet=&#8221;16&#8243; size_phone=&#8221;16&#8243; font_weight=&#8221;bold&#8221; txt_transform=&#8221;uppercase&#8221; margin_top=&#8221;20&#8243; font_family=&#8221;none&#8221; align=&#8221;center&#8221;]FORMATION SANT\u00c9-CLINIQUE ET GESTION[\/mk_fancy_title][vc_column_text el_class=&#8221;pratxt&#8221;] En collaboration avec l\u2019un des plus grands \u00e9tablissements [&hellip;]<\/p>\n","protected":false},"author":2,"featured_media":0,"parent":0,"menu_order":0,"comment_status":"closed","ping_status":"closed","template":"","meta":{"_acf_changed":false,"footnotes":""},"class_list":["post-1503","page","type-page","status-publish","hentry"],"acf":[],"_links":{"self":[{"href":"https:\/\/eduperformance.com\/en\/wp-json\/wp\/v2\/pages\/1503","targetHints":{"allow":["GET"]}}],"collection":[{"href":"https:\/\/eduperformance.com\/en\/wp-json\/wp\/v2\/pages"}],"about":[{"href":"https:\/\/eduperformance.com\/en\/wp-json\/wp\/v2\/types\/page"}],"author":[{"embeddable":true,"href":"https:\/\/eduperformance.com\/en\/wp-json\/wp\/v2\/users\/2"}],"replies":[{"embeddable":true,"href":"https:\/\/eduperformance.com\/en\/wp-json\/wp\/v2\/comments?post=1503"}],"version-history":[{"count":17,"href":"https:\/\/eduperformance.com\/en\/wp-json\/wp\/v2\/pages\/1503\/revisions"}],"predecessor-version":[{"id":4283,"href":"https:\/\/eduperformance.com\/en\/wp-json\/wp\/v2\/pages\/1503\/revisions\/4283"}],"wp:attachment":[{"href":"https:\/\/eduperformance.com\/en\/wp-json\/wp\/v2\/media?parent=1503"}],"curies":[{"name":"wp","href":"https:\/\/api.w.org\/{rel}","templated":true}]}}